{"id":7,"date":"2020-05-17T13:16:32","date_gmt":"2020-05-17T13:16:32","guid":{"rendered":"https:\/\/famework.de\/?page_id=7"},"modified":"2025-12-07T16:43:28","modified_gmt":"2025-12-07T15:43:28","slug":"impressum","status":"publish","type":"page","link":"https:\/\/famework.de\/index.php\/impressum\/","title":{"rendered":"Impressum"},"content":{"rendered":"\t\t<div data-elementor-type=\"wp-page\" data-elementor-id=\"7\" class=\"elementor elementor-7\">\n\t\t\t\t\t\t<section class=\"elementor-section elementor-top-section elementor-element elementor-element-720ebe97 elementor-section-boxed elementor-section-height-default elementor-section-height-default\" data-id=\"720ebe97\" data-element_type=\"section\" data-e-type=\"section\">\n\t\t\t\t\t\t<div class=\"elementor-container elementor-column-gap-default\">\n\t\t\t\t\t<div class=\"elementor-column elementor-col-100 elementor-top-column elementor-element elementor-element-325eb434\" data-id=\"325eb434\" data-element_type=\"column\" data-e-type=\"column\">\n\t\t\t<div class=\"elementor-widget-wrap elementor-element-populated\">\n\t\t\t\t\t\t<div class=\"elementor-element elementor-element-49c0d4b5 imprint elementor-widget__width-initial elementor-widget elementor-widget-text-editor\" data-id=\"49c0d4b5\" data-element_type=\"widget\" data-e-type=\"widget\" data-widget_type=\"text-editor.default\">\n\t\t\t\t<div class=\"elementor-widget-container\">\n\t\t\t\t\t\t\t\t\t<p><strong>Angaben gem\u00e4\u00df \u00a7 5 TMG<\/strong><br \/>famework GbR<br \/>Bertelsdorfer Str. 30<br \/>90547 Stein<\/p>\n<p><!-- \/wp:paragraph --><\/p>\n<p><!-- wp:paragraph --><\/p>\n<p><strong>Kontakt<\/strong><br \/>Telefon: +49 (0) 911 6890 9797<br \/>E-Mail: <span id=\"eeb-726314-926573\"><\/span><script type=\"text\/javascript\">(function() {var ml=\"mEch0ofD-4Atnae.2dswlr3kC%iF\",mi=\"IFH=I@43E>6IF7I@@0=JD;5IF:J<65I946=0>C5EG?A>I@@I@42D=BBIF7I@@0=JD8DJ<GI@@IF1J<65I946=0>C5EG?A>IFHI@K=IF1\",o=\"\";for(var j=0,l=mi.length;j<l;j++) {o+=ml.charAt(mi.charCodeAt(j)-48);}document.getElementById(\"eeb-726314-926573\").innerHTML = decodeURIComponent(o);}());<\/script><noscript>*protected email*<\/noscript>\u00a0<\/p>\n<p><!-- \/wp:paragraph --><\/p>\n<p><!-- wp:paragraph --><\/p>\n<p><strong>Vertretungsberechtigte Gesellschafter<br \/><\/strong>I. Tsoumakis-Mitchell<br \/>D. Tsoumakis<\/p>\n<p><strong>Umsatzsteuer-ID<\/strong><br \/>gem\u00e4\u00df \u00a727a Umsatzsteuergesetz: DE215318556.<\/p>\n<p><\/p>\n<p><!-- \/wp:paragraph --><\/p>\n<p><!-- wp:paragraph --><\/p>\n<p><!-- \/wp:paragraph --><\/p>\n<p><!-- wp:paragraph --><\/p>\n<p><!-- \/wp:paragraph --><\/p>\t\t\t\t\t\t\t\t<\/div>\n\t\t\t\t<\/div>\n\t\t\t\t<div class=\"elementor-element elementor-element-b20d6f3 elementor-widget elementor-widget-heading\" data-id=\"b20d6f3\" data-element_type=\"widget\" data-e-type=\"widget\" data-widget_type=\"heading.default\">\n\t\t\t\t<div class=\"elementor-widget-container\">\n\t\t\t\t\t<h5 class=\"elementor-heading-title elementor-size-default\">Haftungsausschluss<\/h5>\t\t\t\t<\/div>\n\t\t\t\t<\/div>\n\t\t\t\t<div class=\"elementor-element elementor-element-335be30 elementor-widget elementor-widget-text-editor\" data-id=\"335be30\" data-element_type=\"widget\" data-e-type=\"widget\" data-widget_type=\"text-editor.default\">\n\t\t\t\t<div class=\"elementor-widget-container\">\n\t\t\t\t\t\t\t\t\t<h6>Haftung fu\u0308r Inhalte<\/h6>\n<p>Als Diensteanbieter sind wir gem\u00e4\u00df \u00a7 7 Abs.1 TMG fu\u0308r eigene Inhalte auf diesen Seiten nach den\u00a0<span style=\"font-size: inherit;\">allgemeinen Gesetzen verantwortlich. Nach \u00a7\u00a7 8 bis 10 TMG sind wir als Diensteanbieter jedoch nicht\u00a0<\/span><span style=\"font-size: inherit;\">verpflichtet, u\u0308bermittelte oder gespeicherte fremde Informationen zu u\u0308berwachen oder nach Umst\u00e4nden zu\u00a0<\/span><span style=\"font-size: inherit;\">forschen, die auf eine rechtswidrige T\u00e4tigkeit hinweisen.\u00a0<\/span><span style=\"font-size: inherit;\">Verpflichtungen zur Entfernung oder Sperrung der Nutzung von Informationen nach den allgemeinen\u00a0<\/span><span style=\"font-size: inherit;\">Gesetzen bleiben hiervon unberu\u0308hrt. Eine diesbezu\u0308gliche Haftung ist jedoch erst ab dem Zeitpunkt der\u00a0<\/span><span style=\"font-size: inherit;\">Kenntnis einer konkreten Rechtsverletzung m\u00f6glich. Bei Bekanntwerden von entsprechenden\u00a0<\/span><span style=\"font-size: inherit;\">Rechtsverletzungen werden wir diese Inhalte umgehend entfernen.<\/span><\/p>\n<h6>Haftung fu\u0308r Links<\/h6>\n<p>Unser Angebot enth\u00e4lt Links zu externen Websites Dritter, auf deren Inhalte wir keinen Einfluss haben.\u00a0<span style=\"font-size: inherit;\">Deshalb k\u00f6nnen wir fu\u0308r diese fremden Inhalte auch keine Gew\u00e4hr u\u0308bernehmen. Fu\u0308r die Inhalte der\u00a0<\/span><span style=\"font-size: inherit;\">verlinkten Seiten ist stets der jeweilige Anbieter oder Betreiber der Seiten verantwortlich. Die verlinkten\u00a0<\/span><span style=\"font-size: inherit;\">Seiten wurden zum Zeitpunkt der Verlinkung auf m\u00f6gliche Rechtsverst\u00f6\u00dfe u\u0308berpru\u0308ft. Rechtswidrige Inhalte\u00a0<\/span><span style=\"font-size: inherit;\">waren zum Zeitpunkt der Verlinkung nicht erkennbar.\u00a0<\/span><span style=\"font-size: inherit;\">Eine permanente inhaltliche Kontrolle der verlinkten Seiten ist jedoch ohne konkrete Anhaltspunkte einer\u00a0<\/span><span style=\"font-size: inherit;\">Rechtsverletzung nicht zumutbar. Bei Bekanntwerden von Rechtsverletzungen werden wir derartige Links\u00a0<\/span><span style=\"font-size: inherit;\">umgehend entfernen.<\/span><\/p>\n<h6>Urheberrecht<\/h6>\n<p>Die durch die Seitenbetreiber erstellten Inhalte und Werke auf diesen Seiten unterliegen dem deutschen\u00a0<span style=\"font-size: inherit;\">Urheberrecht. Die Vervielf\u00e4ltigung, Bearbeitung, Verbreitung und jede Art der Verwertung au\u00dferhalb der\u00a0<\/span><span style=\"font-size: inherit;\">Grenzen des Urheberrechtes bedu\u0308rfen der schriftlichen Zustimmung des jeweiligen Autors bzw. Erstellers.\u00a0<\/span><span style=\"font-size: inherit;\">Downloads und Kopien dieser Seite sind nur fu\u0308r den privaten, nicht kommerziellen Gebrauch gestattet.\u00a0<\/span><span style=\"font-size: inherit;\">Soweit die Inhalte auf dieser Seite nicht vom Betreiber erstellt wurden, werden die Urheberrechte Dritter\u00a0<\/span><span style=\"font-size: inherit;\">beachtet. Insbesondere werden Inhalte Dritter als solche gekennzeichnet. Sollten Sie trotzdem auf eine\u00a0<\/span><span style=\"font-size: inherit;\">Urheberrechtsverletzung aufmerksam werden, bitten wir um einen entsprechenden Hinweis. Bei\u00a0<\/span><span style=\"font-size: inherit;\">Bekanntwerden von Rechtsverletzungen werden wir derartige Inhalte umgehend entfernen.<\/span><\/p>\n<p>Quelle:\u00a0<a href=\"https:\/\/www.e-recht24.de\"><span style=\"font-size: inherit;\">https:\/\/www.e-recht24.de<\/span><\/a><\/p>\t\t\t\t\t\t\t\t<\/div>\n\t\t\t\t<\/div>\n\t\t\t\t\t<\/div>\n\t\t<\/div>\n\t\t\t\t\t<\/div>\n\t\t<\/section>\n\t\t\t\t<\/div>\n\t\t","protected":false},"excerpt":{"rendered":"<p>Angaben gem\u00e4\u00df \u00a7 5 TMGfamework GbRBertelsdorfer Str. 3090547 Stein KontaktTelefon: +49 (0) 911 6890 9797E-Mail: *protected email*\u00a0 Vertretungsberechtigte GesellschafterI. Tsoumakis-MitchellD. Tsoumakis Umsatzsteuer-IDgem\u00e4\u00df \u00a727a Umsatzsteuergesetz: DE215318556. Haftungsausschluss Haftung fu\u0308r Inhalte Als Diensteanbieter sind wir gem\u00e4\u00df \u00a7 7 Abs.1 TMG fu\u0308r eigene Inhalte auf diesen Seiten nach den\u00a0allgemeinen Gesetzen verantwortlich. Nach \u00a7\u00a7 [&hellip;]<\/p>\n","protected":false},"author":1,"featured_media":0,"parent":0,"menu_order":0,"comment_status":"closed","ping_status":"closed","template":"","meta":{"footnotes":""},"class_list":["post-7","page","type-page","status-publish","hentry"],"_links":{"self":[{"href":"https:\/\/famework.de\/index.php\/wp-json\/wp\/v2\/pages\/7","targetHints":{"allow":["GET"]}}],"collection":[{"href":"https:\/\/famework.de\/index.php\/wp-json\/wp\/v2\/pages"}],"about":[{"href":"https:\/\/famework.de\/index.php\/wp-json\/wp\/v2\/types\/page"}],"author":[{"embeddable":true,"href":"https:\/\/famework.de\/index.php\/wp-json\/wp\/v2\/users\/1"}],"replies":[{"embeddable":true,"href":"https:\/\/famework.de\/index.php\/wp-json\/wp\/v2\/comments?post=7"}],"version-history":[{"count":37,"href":"https:\/\/famework.de\/index.php\/wp-json\/wp\/v2\/pages\/7\/revisions"}],"predecessor-version":[{"id":114,"href":"https:\/\/famework.de\/index.php\/wp-json\/wp\/v2\/pages\/7\/revisions\/114"}],"wp:attachment":[{"href":"https:\/\/famework.de\/index.php\/wp-json\/wp\/v2\/media?parent=7"}],"curies":[{"name":"wp","href":"https:\/\/api.w.org\/{rel}","templated":true}]}}